{"id":491,"date":"2021-09-21T21:00:30","date_gmt":"2021-09-21T21:00:30","guid":{"rendered":"http:\/\/xn--fechten-in-rsrath-b0b.de\/?page_id=491"},"modified":"2024-08-17T10:49:00","modified_gmt":"2024-08-17T10:49:00","slug":"alles-auf-einen-blick","status":"publish","type":"page","link":"https:\/\/xn--fechten-in-rsrath-b0b.de\/?page_id=491","title":{"rendered":"Alles auf einen Blick"},"content":{"rendered":"\n<p class=\"has-medium-font-size\">Wollen Sie unser soziales Engagement f\u00fcr Kinder und Jugendliche unterst\u00fctzen?!<\/p>\n\n\n\n<p class=\"has-medium-font-size\">Dann k\u00f6nnen Sie gerne auf unser Vereinskonto spenden.<\/p>\n\n\n\n<p class=\"has-medium-font-size\">IBAN DE25 3705 0299 0327 5592 63 Kreissparkasse K\u00f6ln<\/p>\n\n\n\n<p class=\"has-medium-font-size\"><strong>Jeder kann Fechten lernen.<\/strong><\/p>\n\n\n\n<p class=\"has-medium-font-size\">Der Bergische Fechtclub R\u00f6srath macht das m\u00f6glich. Bei uns wird man spielerisch an die olympische Sportart herangef\u00fchrt.<\/p>\n\n\n\n<p class=\"has-medium-font-size\">Der Verein und seine qualifizierten Trainer schulen Fechttechniken und gestalten ein abwechslungsreiches Programm, bei dem Freude am Sport und gute Gemeinschaft im Vordergrund stehen.<\/p>\n\n\n\n<p><\/p>\n\n\n\n<p class=\"has-medium-font-size\">Aktuelles rund um den Verein findet man unter <a href=\"https:\/\/xn--fechten-in-rsrath-b0b.de\/?page_id=141\">&#8222;News&#8220;<\/a> !!<\/p>\n\n\n\n<p><\/p>\n\n\n\n<p class=\"has-medium-font-size\"><strong>Unsere Trainingszeiten sind:<\/strong><\/p>\n\n\n\n<h5 class=\"wp-block-heading has-medium-font-size\">Dienstag<\/h5>\n\n\n\n<ul class=\"wp-block-list\">\n<li class=\"has-medium-font-size\">18:00-19:30 Uhr&nbsp;&nbsp;&nbsp;&nbsp;&nbsp;&nbsp;&nbsp;&nbsp; U 11, U 13, U 15<\/li>\n\n\n\n<li class=\"has-medium-font-size\">19:30-21:00 Uhr&nbsp;&nbsp;&nbsp;&nbsp;&nbsp;&nbsp;&nbsp;&nbsp; U 17, U 20 und Senioren und Veteranen<\/li>\n<\/ul>\n\n\n\n<h5 class=\"wp-block-heading has-medium-font-size\">Donnerstag<\/h5>\n\n\n\n<ul class=\"wp-block-list\">\n<li class=\"has-medium-font-size\">17:15-18:45 Uhr&nbsp;&nbsp;&nbsp;&nbsp;&nbsp;&nbsp;&nbsp;&nbsp; U 11, U 13, U 15, U 17, U 20 und Senioren und Veteranen<\/li>\n<\/ul>\n\n\n\n<h5 class=\"wp-block-heading has-medium-font-size\">Freitag&nbsp;&nbsp;&nbsp;<\/h5>\n\n\n\n<ul class=\"wp-block-list\">\n<li class=\"has-medium-font-size\">16:00-17:30 Uhr&nbsp;&nbsp;&nbsp;&nbsp;&nbsp;&nbsp;&nbsp;&nbsp; Anf\u00e4ngergruppe 8-12 Jahre<\/li>\n\n\n\n<li class=\"has-medium-font-size\">17:30-19:00 Uhr&nbsp;&nbsp;&nbsp;&nbsp;&nbsp;&nbsp;&nbsp;&nbsp; U 11, U 13, U 15, U 17, U 20 und Senioren und Veteranen<\/li>\n<\/ul>\n\n\n\n<p class=\"has-medium-font-size\"><strong>Wir trainieren in:<\/strong><\/p>\n\n\n\n<p class=\"has-medium-font-size\">Sporthalle der Freiherr-von-Stein Gymnasiums, Freiherr-vom-Stein-Stra\u00dfe 15, 51503 R\u00f6srath<\/p>\n\n\n\n<figure class=\"wp-block-image\"><img loading=\"lazy\" decoding=\"async\" width=\"1024\" height=\"492\" src=\"https:\/\/xn--fechten-in-rsrath-b0b.de\/wp-content\/uploads\/2019\/07\/image-1-1024x492.png\" alt=\"\" class=\"wp-image-134\" srcset=\"https:\/\/xn--fechten-in-rsrath-b0b.de\/wp-content\/uploads\/2019\/07\/image-1-1024x492.png 1024w, https:\/\/xn--fechten-in-rsrath-b0b.de\/wp-content\/uploads\/2019\/07\/image-1-300x144.png 300w, https:\/\/xn--fechten-in-rsrath-b0b.de\/wp-content\/uploads\/2019\/07\/image-1-768x369.png 768w, https:\/\/xn--fechten-in-rsrath-b0b.de\/wp-content\/uploads\/2019\/07\/image-1.png 1314w\" sizes=\"auto, (max-width: 1024px) 100vw, 1024px\" \/><\/figure>\n\n\n\n<p><\/p>\n\n\n\n<h2 class=\"wp-block-heading has-large-font-size\">Das Management<\/h2>\n\n\n\n<p class=\"has-medium-font-size\">Vereinsmanagerin Julia Schneider, 0176-50939703, Management@bfcr.email<\/p>\n\n\n\n<figure class=\"wp-block-image size-large is-resized\"><img loading=\"lazy\" decoding=\"async\" width=\"2560\" height=\"1704\" src=\"https:\/\/xn--fechten-in-rsrath-b0b.de\/wp-content\/uploads\/2023\/01\/PXL_20211031_161406298.PORTRAIT-edited-scaled.jpg\" alt=\"\" class=\"wp-image-684\" style=\"width:320px;height:213px\" srcset=\"https:\/\/xn--fechten-in-rsrath-b0b.de\/wp-content\/uploads\/2023\/01\/PXL_20211031_161406298.PORTRAIT-edited-scaled.jpg 2560w, https:\/\/xn--fechten-in-rsrath-b0b.de\/wp-content\/uploads\/2023\/01\/PXL_20211031_161406298.PORTRAIT-edited-300x200.jpg 300w, https:\/\/xn--fechten-in-rsrath-b0b.de\/wp-content\/uploads\/2023\/01\/PXL_20211031_161406298.PORTRAIT-edited-500x333.jpg 500w, https:\/\/xn--fechten-in-rsrath-b0b.de\/wp-content\/uploads\/2023\/01\/PXL_20211031_161406298.PORTRAIT-edited-768x511.jpg 768w, https:\/\/xn--fechten-in-rsrath-b0b.de\/wp-content\/uploads\/2023\/01\/PXL_20211031_161406298.PORTRAIT-edited-1536x1023.jpg 1536w, https:\/\/xn--fechten-in-rsrath-b0b.de\/wp-content\/uploads\/2023\/01\/PXL_20211031_161406298.PORTRAIT-edited-2048x1363.jpg 2048w, https:\/\/xn--fechten-in-rsrath-b0b.de\/wp-content\/uploads\/2023\/01\/PXL_20211031_161406298.PORTRAIT-edited-1024x682.jpg 1024w\" sizes=\"auto, (max-width: 2560px) 100vw, 2560px\" \/><\/figure>\n\n\n\n<p class=\"has-medium-font-size\">Die Vereinsmanagerin ist die Kontaktstelle f\u00fcr Interessierte und Mitglieder des Bergischen Fechtclubs R\u00f6srath e. V. und k\u00fcmmert sich um die Vereinsorganisation und die Mitgliederverwaltung.<\/p>\n\n\n\n<p><\/p>\n\n\n\n<h2 class=\"wp-block-heading has-large-font-size\">Der Vorstand<\/h2>\n\n\n\n<p class=\"has-medium-font-size\"><strong>Vorstand@bfcr.email<\/strong><\/p>\n\n\n\n<p class=\"has-medium-font-size\">Vorstandsvorsitzender Thomas Wi\u00dfkirchen, 0151-12713148, Vorstandsvorsitzender@bfcr.email<\/p>\n\n\n\n<figure class=\"wp-block-image size-large is-resized\"><img loading=\"lazy\" decoding=\"async\" width=\"500\" height=\"333\" src=\"https:\/\/xn--fechten-in-rsrath-b0b.de\/wp-content\/uploads\/2024\/03\/058BFCR-500x333.jpg\" alt=\"\" class=\"wp-image-866\" style=\"width:320px;height:213px\" srcset=\"https:\/\/xn--fechten-in-rsrath-b0b.de\/wp-content\/uploads\/2024\/03\/058BFCR-500x333.jpg 500w, https:\/\/xn--fechten-in-rsrath-b0b.de\/wp-content\/uploads\/2024\/03\/058BFCR-300x200.jpg 300w, https:\/\/xn--fechten-in-rsrath-b0b.de\/wp-content\/uploads\/2024\/03\/058BFCR-768x512.jpg 768w, https:\/\/xn--fechten-in-rsrath-b0b.de\/wp-content\/uploads\/2024\/03\/058BFCR-1536x1024.jpg 1536w, https:\/\/xn--fechten-in-rsrath-b0b.de\/wp-content\/uploads\/2024\/03\/058BFCR-2048x1365.jpg 2048w, https:\/\/xn--fechten-in-rsrath-b0b.de\/wp-content\/uploads\/2024\/03\/058BFCR-1024x683.jpg 1024w\" sizes=\"auto, (max-width: 500px) 100vw, 500px\" \/><\/figure>\n\n\n\n<p class=\"has-medium-font-size\">Finanzvorstand Bastian Wittfeld, 0174-9610049, Finanzvorstand@bfcr.email<\/p>\n\n\n\n<figure class=\"wp-block-image size-large is-resized\"><img loading=\"lazy\" decoding=\"async\" width=\"500\" height=\"333\" src=\"https:\/\/xn--fechten-in-rsrath-b0b.de\/wp-content\/uploads\/2024\/03\/007BFCR-500x333.jpg\" alt=\"\" class=\"wp-image-865\" style=\"width:320px;height:213px\" srcset=\"https:\/\/xn--fechten-in-rsrath-b0b.de\/wp-content\/uploads\/2024\/03\/007BFCR-500x333.jpg 500w, https:\/\/xn--fechten-in-rsrath-b0b.de\/wp-content\/uploads\/2024\/03\/007BFCR-300x200.jpg 300w, https:\/\/xn--fechten-in-rsrath-b0b.de\/wp-content\/uploads\/2024\/03\/007BFCR-768x512.jpg 768w, https:\/\/xn--fechten-in-rsrath-b0b.de\/wp-content\/uploads\/2024\/03\/007BFCR-1536x1024.jpg 1536w, https:\/\/xn--fechten-in-rsrath-b0b.de\/wp-content\/uploads\/2024\/03\/007BFCR-2048x1365.jpg 2048w, https:\/\/xn--fechten-in-rsrath-b0b.de\/wp-content\/uploads\/2024\/03\/007BFCR-1024x683.jpg 1024w\" sizes=\"auto, (max-width: 500px) 100vw, 500px\" \/><\/figure>\n\n\n\n<p class=\"has-medium-font-size\">Sportvorstand Jan Pinkert Sportvorstand@bfcr.email<\/p>\n\n\n\n<h2 class=\"wp-block-heading has-large-font-size\">F\u00fcr die Presse<\/h2>\n\n\n\n<p class=\"has-medium-font-size\">Kontakt Dagmar Pinkert e-Mail an: Presse@bfcr.email<\/p>\n\n\n\n<p><\/p>\n\n\n\n<p class=\"has-medium-font-size\">Wollen Sie unser soziales Engagement f\u00fcr Kinder und Jugendliche unterst\u00fctzen?!<\/p>\n\n\n\n<p class=\"has-medium-font-size\">Dann k\u00f6nnen Sie gerne auf unser Vereinskonto spenden.<\/p>\n\n\n\n<p class=\"has-medium-font-size\">IBAN DE25 3705 0299 0327 5592 63 Kreissparkasse K\u00f6ln<\/p>\n","protected":false},"excerpt":{"rendered":"<p>Wollen Sie unser soziales Engagement f\u00fcr Kinder und Jugendliche unterst\u00fctzen?! Dann k\u00f6nnen Sie gerne auf&#8230;<\/p>\n","protected":false},"author":1,"featured_media":0,"parent":0,"menu_order":0,"comment_status":"closed","ping_status":"closed","template":"","meta":{"footnotes":""},"class_list":["post-491","page","type-page","status-publish","hentry"],"_links":{"self":[{"href":"https:\/\/xn--fechten-in-rsrath-b0b.de\/index.php?rest_route=\/wp\/v2\/pages\/491","targetHints":{"allow":["GET"]}}],"collection":[{"href":"https:\/\/xn--fechten-in-rsrath-b0b.de\/index.php?rest_route=\/wp\/v2\/pages"}],"about":[{"href":"https:\/\/xn--fechten-in-rsrath-b0b.de\/index.php?rest_route=\/wp\/v2\/types\/page"}],"author":[{"embeddable":true,"href":"https:\/\/xn--fechten-in-rsrath-b0b.de\/index.php?rest_route=\/wp\/v2\/users\/1"}],"replies":[{"embeddable":true,"href":"https:\/\/xn--fechten-in-rsrath-b0b.de\/index.php?rest_route=%2Fwp%2Fv2%2Fcomments&post=491"}],"version-history":[{"count":17,"href":"https:\/\/xn--fechten-in-rsrath-b0b.de\/index.php?rest_route=\/wp\/v2\/pages\/491\/revisions"}],"predecessor-version":[{"id":951,"href":"https:\/\/xn--fechten-in-rsrath-b0b.de\/index.php?rest_route=\/wp\/v2\/pages\/491\/revisions\/951"}],"wp:attachment":[{"href":"https:\/\/xn--fechten-in-rsrath-b0b.de\/index.php?rest_route=%2Fwp%2Fv2%2Fmedia&parent=491"}],"curies":[{"name":"wp","href":"https:\/\/api.w.org\/{rel}","templated":true}]}}