{"id":185,"date":"2019-07-21T22:54:01","date_gmt":"2019-07-21T22:54:01","guid":{"rendered":"http:\/\/xn--fechten-in-rsrath-b0b.de\/?page_id=185"},"modified":"2025-08-12T17:46:01","modified_gmt":"2025-08-12T17:46:01","slug":"chronik","status":"publish","type":"page","link":"https:\/\/xn--fechten-in-rsrath-b0b.de\/?page_id=185","title":{"rendered":"Chronik"},"content":{"rendered":"\n<p><strong>13.04.2025\u00a0\u00a0\u00a0\u00a0\u00a0 <strong>Vize-NRW-Mannschaftsmeisterschaften<\/strong><\/strong> <\/p>\n\n\n\n<p>Das U17-Team mit Joah Apfelbacher, Maurtiz Streit, Alexej St\u00f6cker gewinnen die Silbermedaille bei den NRW-Landesmeisterschaften.<\/p>\n\n\n\n<p><strong>08.03.2025\u00a0\u00a0\u00a0\u00a0\u00a0 NRW-Meisterschaften<\/strong><\/p>\n\n\n\n<p>Alexej St\u00f6cker erreicht den dritten Platz bei den regionalen Meisterschaften.<\/p>\n\n\n\n<p><strong>21.12.2024\u00a0\u00a0\u00a0\u00a0\u00a0 Sieg bei den Dutch Open<\/strong><\/p>\n\n\n\n<p>Alexej St\u00f6cker gewinnt die Dutch Open in der Klasse U17.<\/p>\n\n\n\n<p><strong>23.08.2024\u00a0\u00a0\u00a0\u00a0\u00a01. R\u00f6srather Stadtsportfest<\/strong><\/p>\n\n\n\n<p>Der Infostand mit Fechtbahn und den Vorf\u00fchrungen pr\u00e4sentierten wir den Fechtsport.<\/p>\n\n\n\n<p><strong>30.06.2024&nbsp;&nbsp;&nbsp;&nbsp;&nbsp; Workshop &#8222;Innere Gefecht&#8220;<\/strong><\/p>\n\n\n\n<p>In einer interaktiven Wanderung wurde das Thema Mentale Gesundheit mit dem Schwerpunkt Achtsamkeit erarbeitet.<\/p>\n\n\n\n<p><strong>28.06.2024&nbsp;&nbsp;&nbsp;&nbsp;&nbsp; Neuer Sportvorstand<\/strong><\/p>\n\n\n\n<p>Jan Pinkert wurde zum Sportvorstand einstimmig gew\u00e4hlt.<\/p>\n\n\n\n<p><strong>16.06.2024&nbsp;&nbsp;&nbsp;&nbsp;&nbsp; 2. Deutscher Meistertitel<\/strong><\/p>\n\n\n\n<p>Mit der Rheinischen Mannschaft siegte Mauritz Streit.<\/p>\n\n\n\n<p><strong>17.03.2024&nbsp;&nbsp;&nbsp;&nbsp;&nbsp; NRW-Vizemeister<\/strong><\/p>\n\n\n\n<p>Mauritz Streit errang die Silbermedaille. <\/p>\n\n\n\n<p><strong>12.03.2024&nbsp;&nbsp;&nbsp;&nbsp;&nbsp; &#8222;M\u00e4dchen engagieren sich&#8220;<\/strong><\/p>\n\n\n\n<p>Remboldstiftung f\u00f6rdert das Engagement junger Frauen. Johanna Wi\u00dfkirchen und Julia Schneider wurden f\u00fcr ihre Arbeit im Verein ausgezeichnet. <\/p>\n\n\n\n<p><strong>19.08.2023&nbsp;&nbsp;&nbsp;&nbsp;&nbsp; F\u00fcnfj\u00e4hriges Jubil\u00e4um<\/strong><\/p>\n\n\n\n<p>Der Bergische Fechtclub feiert sein f\u00fcnfj\u00e4hriges Bestehen.<\/p>\n\n\n\n<p><strong>04.06.2023&nbsp;&nbsp;&nbsp;&nbsp;&nbsp; 2.Platz NRW-Jugendcup<\/strong><\/p>\n\n\n\n<p>Die Silbermedaille U-15 errang der BFcR mit Alexej St\u00f6cker, Mauritz Streit und Benjamin Ellerkmann.<\/p>\n\n\n\n<p><strong>26.03.2023&nbsp;&nbsp;&nbsp;&nbsp;&nbsp; Bronze NRW-Mannschaftsmeisterschaften<\/strong><\/p>\n\n\n\n<p>Anna Blombach, Julia Schneider, Meret Howe und Johanna Wi\u00dfkirchen haben bei den NRW-Landesmeisterschaften die Team-Medaille gewonnen.<\/p>\n\n\n\n<p><strong>05.01.2023&nbsp;&nbsp;&nbsp;&nbsp;&nbsp; Vereinsmanagement<\/strong><\/p>\n\n\n\n<p>Julia Schneider konnte als Vereinsmanagerin gewonnen werden. <\/p>\n\n\n\n<p><strong>19.11.2022&nbsp;&nbsp;&nbsp;&nbsp;&nbsp; Workshop Sport und Respekt<\/strong><\/p>\n\n\n\n<p>1. Workshop &#8222;Sport und Respekt&#8220; wurde f\u00fcr die Mitglieder organisiert. Die Grundsteine der Zusammenarbeit wurde durch eine Wertepyramide &#8222;Vertrauen, Akzeptanz, Professionalit\u00e4t, Wertsch\u00e4tzung und Teamgeist&#8220; gelegt.<\/p>\n\n\n\n<p><strong>12.09.2022&nbsp;&nbsp;&nbsp;&nbsp;&nbsp; Zeig dein Profil<\/strong><\/p>\n\n\n\n<p>Unter diesem Motto haben wir mit dem Kreissportbund unseren Verein unter die Lupe genommen.<\/p>\n\n\n\n<p><strong>22.05.2022&nbsp;&nbsp;&nbsp;&nbsp;&nbsp; 1. Deutscher Meistertitel<\/strong><\/p>\n\n\n\n<p>Mauritz Streit siegte mit der Rheinischen Mannschaft bei den Deutschen Meisterschaften und errang dort die Gold-Medaille. Das Team wurde von seinem Heimtrainer Thomas Wi\u00dfkirchen betreut. <\/p>\n\n\n\n<p><strong>30.04.2022&nbsp;&nbsp;&nbsp;&nbsp;&nbsp; NRW-Vizemeister<\/strong><\/p>\n\n\n\n<p>Mit der Silber-Medaille konnte Mauritz Streit einen weiteren Erfolg f\u00fcr dem BFcR erringen.<\/p>\n\n\n\n<p><strong>04.02.2022&nbsp;&nbsp;&nbsp;&nbsp;&nbsp; NRW-Schulmeisterschaften<\/strong><\/p>\n\n\n\n<p>Den zweiten Platz bei den NRW-Schulmeisterschaften in Solingen belegte das Mix-Team des Gymnasiums Lohmar mit Johanna Vey, Mathilda Deblon, Victoria und Alexej St\u00f6cker.<\/p>\n\n\n\n<p><strong>01.10.2021&nbsp;&nbsp;&nbsp;&nbsp;&nbsp; 1. Vereinsflyer<\/strong><\/p>\n\n\n\n<p>F\u00fcr die bessere Au\u00dfendarstellung wurde ein Flyer erstellt. <\/p>\n\n\n\n<p><strong>20.09.2021&nbsp;&nbsp;&nbsp;&nbsp;&nbsp; Wiederwahl des Vorstandes<\/strong><\/p>\n\n\n\n<p>Der Vorstand, bestehend aus Tymofey Semenyuk, Thomas Wi\u00dfkirchen und Bastian Wittfeld, wurde einstimmig wiedergew\u00e4hlt. <\/p>\n\n\n\n<p><strong>01.03.2020&nbsp;&nbsp;&nbsp;&nbsp;&nbsp; NRW-Sieger<\/strong><\/p>\n\n\n\n<p>Mit der Goldmedaille sorgte Benno M\u00fcller f\u00fcr den ersten NRW-Titel f\u00fcr den BFcR. Mauritz Streit wurde Vize-Meister.<\/p>\n\n\n\n<p><strong>13.12.2019&nbsp;&nbsp;&nbsp;&nbsp;&nbsp; LSB-Werbekampangne<\/strong><\/p>\n\n\n\n<p>Johanna Wi\u00dfkirchen unterst\u00fctzt als &#8222;Zukunftsmacherin&#8220; den Sportkalender des Landessportbund NRW.<\/p>\n\n\n\n<p><strong>01.08.2019&nbsp;&nbsp;&nbsp;&nbsp;&nbsp; Homepage<\/strong><\/p>\n\n\n\n<p>Die Homepage &#8222;fechten-in-R\u00f6srath.de&#8220; geht online.<\/p>\n\n\n\n<p><strong>02.07.2019&nbsp;&nbsp;&nbsp;&nbsp;&nbsp; NRW-Jugendcup<\/strong><\/p>\n\n\n\n<p>Mit der Goldmedaille im Sch\u00fclerwettbewerb siegten f\u00fcr den BFcR: Mathilda Deblon, Yannick Schneider und Benno M\u00fcller.<\/p>\n\n\n\n<p><strong>12.04.2019&nbsp;&nbsp;&nbsp;&nbsp;&nbsp; 1.Mitgliederversammlung<\/strong><\/p>\n\n\n\n<p>Die erste Mitgliederversammlung wurde in der Gymnastikraum der Freiherr-von-Stein Schule abgehalten.<\/p>\n\n\n\n<p><strong>31.03.2019&nbsp;&nbsp;&nbsp;&nbsp;&nbsp; NRW-Medaillen<\/strong><\/p>\n\n\n\n<p>Die Silbermedaillengewinner Benno M\u00fcller und Paul St\u00f6cker, sowie die Bronzemedaille von Johanna Wi\u00dfkirchen sorgten f\u00fcr den ersten Medaillenregen auf &nbsp;den NRW-Meisterschaften des BFcR.<\/p>\n\n\n\n<p><strong>30.11.2018&nbsp;&nbsp;&nbsp;&nbsp;&nbsp; 1. Turnierreifepr\u00fcfung<\/strong><\/p>\n\n\n\n<p>4 Fechter absolvierten ihre Turnierreifepr\u00fcfung.<\/p>\n\n\n\n<p><strong>27.11.2018&nbsp;&nbsp;&nbsp;&nbsp;&nbsp; 1. Titelgewinn<\/strong><\/p>\n\n\n\n<p>Bei den Rheinischen Senioren Meisterschaften gewann Thomas Wi\u00dfkirchen die Goldmedaille.<\/p>\n\n\n\n<p><strong>18.11.2018&nbsp;&nbsp;&nbsp;&nbsp;&nbsp; 1. Turnier<\/strong><\/p>\n\n\n\n<p>Der BFcR richtete den &#8222;1.R\u00f6srather Teamcup&#8220; aus.<\/p>\n\n\n\n<p><strong>15.09.2018&nbsp;&nbsp;&nbsp;&nbsp;&nbsp; 1.Turniersieg<\/strong><\/p>\n\n\n\n<p>Den Hoffnungsthaler Jugendcup gewann Benno M\u00fcller.<\/p>\n\n\n\n<p><strong>12.09.2018&nbsp;&nbsp;&nbsp;&nbsp;&nbsp; 1. Anf\u00e4ngerkurs<\/strong><\/p>\n\n\n\n<p>Mit f\u00fcnf Kindern startete Moritz Wi\u00dfkirchen den ersten Anf\u00e4ngerkurs.<\/p>\n\n\n\n<p><strong>09.09.2018&nbsp;&nbsp;&nbsp;&nbsp;&nbsp; 1. Werbeveranstaltung<\/strong><\/p>\n\n\n\n<p>Bei &#8222;Kunst &amp; Klaaf&#8220; pr\u00e4sentierte sich der BFcR mit einer kleinen Fechtvorf\u00fchrung.<\/p>\n\n\n\n<p><strong>08.09.2018&nbsp;&nbsp;&nbsp;&nbsp;&nbsp; 1. Mannschaftsturnier<\/strong><\/p>\n\n\n\n<p>Beim Musketiercup in Leverkusen belegten Benno M\u00fcller, Yannick Schneider und Mathilda Deblon den 2.Platz.<\/p>\n\n\n\n<p><strong>15.07.2018&nbsp;&nbsp;&nbsp;&nbsp;&nbsp; 1.Turnierteilnahme<\/strong><\/p>\n\n\n\n<p>Beim Bochumer P\u00e4rchencup traten Johanna und Moritz Wi\u00dfkirchen als Team an und belegten den 4.Platz.<\/p>\n\n\n\n<p><strong>12.07.2018&nbsp;&nbsp;&nbsp;&nbsp;&nbsp; Gr\u00fcndungsfest<\/strong><\/p>\n\n\n\n<p>Mit vielen G\u00e4sten feierten die Mitglieder die Vereinsgr\u00fcndung am JUZE R\u00f6srath.<\/p>\n\n\n\n<p><strong>04.07.2018&nbsp;&nbsp;&nbsp;&nbsp;&nbsp; 1.Presseartikel<\/strong><\/p>\n\n\n\n<p>Im Bergischen Handelsblatt erschien der erste Artikel \u00fcber die Vereingr\u00fcndung.<\/p>\n\n\n\n<p><strong>03.07.2018&nbsp;&nbsp;&nbsp;&nbsp;&nbsp; 1.Training<\/strong><\/p>\n\n\n\n<p>Das erste Training fand unter freiem Himmel auf dem Gel\u00e4nde des R\u00f6srather&nbsp; Schulzentrum statt.<\/p>\n\n\n\n<p><strong>29.06.2018&nbsp;&nbsp;&nbsp;&nbsp;&nbsp; Aufnahme in den Rheinischen Fechterbund<\/strong><\/p>\n\n\n\n<p>Auf der Jahreshauptversammlung des Rheinischen Fechterbundes wurde der BFcR einstimmig aufgenommen.<\/p>\n\n\n\n<p><strong>27.03.2018&nbsp;&nbsp;&nbsp;&nbsp;&nbsp; Gr\u00fcndungsversammlung<\/strong><\/p>\n\n\n\n<p>Der Bergische Fechtclub R\u00f6srath e.V. wurde von Bastian Wittfeld, Tymofey Semenyuk, Esther M\u00fcller, Moritz, Johanna, Christiane und Thomas Wi\u00dfkirchen gegr\u00fcndet.<\/p>\n","protected":false},"excerpt":{"rendered":"<p>13.04.2025\u00a0\u00a0\u00a0\u00a0\u00a0 Vize-NRW-Mannschaftsmeisterschaften Das U17-Team mit Joah Apfelbacher, Maurtiz Streit, Alexej St\u00f6cker gewinnen die Silbermedaille bei&#8230;<\/p>\n","protected":false},"author":1,"featured_media":0,"parent":0,"menu_order":0,"comment_status":"closed","ping_status":"closed","template":"","meta":{"footnotes":""},"class_list":["post-185","page","type-page","status-publish","hentry"],"_links":{"self":[{"href":"https:\/\/xn--fechten-in-rsrath-b0b.de\/index.php?rest_route=\/wp\/v2\/pages\/185","targetHints":{"allow":["GET"]}}],"collection":[{"href":"https:\/\/xn--fechten-in-rsrath-b0b.de\/index.php?rest_route=\/wp\/v2\/pages"}],"about":[{"href":"https:\/\/xn--fechten-in-rsrath-b0b.de\/index.php?rest_route=\/wp\/v2\/types\/page"}],"author":[{"embeddable":true,"href":"https:\/\/xn--fechten-in-rsrath-b0b.de\/index.php?rest_route=\/wp\/v2\/users\/1"}],"replies":[{"embeddable":true,"href":"https:\/\/xn--fechten-in-rsrath-b0b.de\/index.php?rest_route=%2Fwp%2Fv2%2Fcomments&post=185"}],"version-history":[{"count":66,"href":"https:\/\/xn--fechten-in-rsrath-b0b.de\/index.php?rest_route=\/wp\/v2\/pages\/185\/revisions"}],"predecessor-version":[{"id":1121,"href":"https:\/\/xn--fechten-in-rsrath-b0b.de\/index.php?rest_route=\/wp\/v2\/pages\/185\/revisions\/1121"}],"wp:attachment":[{"href":"https:\/\/xn--fechten-in-rsrath-b0b.de\/index.php?rest_route=%2Fwp%2Fv2%2Fmedia&parent=185"}],"curies":[{"name":"wp","href":"https:\/\/api.w.org\/{rel}","templated":true}]}}